{"id":10,"date":"2016-11-28T18:20:34","date_gmt":"2016-11-28T18:20:34","guid":{"rendered":"http:\/\/www.forgoterv.hu\/?page_id=10"},"modified":"2017-01-26T13:31:38","modified_gmt":"2017-01-26T13:31:38","slug":"referencia","status":"publish","type":"page","link":"https:\/\/forgoterv.hu\/index.php\/referencia\/","title":{"rendered":"Referenci\u00e1k"},"content":{"rendered":"<p><strong>2016<\/strong><\/p>\n<ul>\n<li><strong>APC Csabacast \u00fczem:<\/strong> szennyv\u00edztiszt\u00edt\u00f3 \u00e9s visszaforgat\u00f3 rendszer g\u00e9p\u00e9szeti tervez\u00e9se<\/li>\n<li><strong>Pentacolor:<\/strong> Szennyv\u00edz el\u0151tiszt\u00edt\u00f3 g\u00e9p\u00e9szeti tervez\u00e9se<\/li>\n<li><strong>Viziterv Alba Kft.:<\/strong> Csapad\u00e9kv\u00edz akna g\u00e9p\u00e9szeti tervez\u00e9se<\/li>\n<li><strong>VVM Kft.:<\/strong> H\u0151cser\u00e9l\u0151 cs\u0151vezet\u00e9k tervez\u00e9s<\/li>\n<li><strong>Messer Hungarog\u00e1z Kft.:<\/strong> H\u0171t\u0151tornyi v\u00edzsz\u0171r\u00e9s g\u00e9p\u00e9szeti tervez\u00e9se<\/li>\n<\/ul>\n<p><strong>2015<\/strong><\/p>\n<ul>\n<li><strong>Aquaplus: <\/strong>Fe\/Mn\/As iszapv\u00edztelen\u00edt\u00e9s g\u00e9p\u00e9szeti tervez\u00e9se<\/li>\n<li><strong>Alcoa Pol\u00edroz\u00f3 \u00fczem:<\/strong> szennyv\u00edztiszt\u00edt\u00f3 \u00e9s visszaforgat\u00f3 rendszer g\u00e9p\u00e9szeti tervez\u00e9se<\/li>\n<li><strong>B\u00e9k\u00e9s Dr\u00e9n: <\/strong>V\u00edzm\u0171telepek kamr\u00e1s iszap v\u00edztelen\u00edt\u0151-, s\u0171r\u00edt\u0151 \u00e1llom\u00e1sok g\u00e9p\u00e9szeti tervez\u00e9se<\/li>\n<li><strong>Apollo Gumigy\u00e1r: <\/strong>Csapad\u00e9kv\u00edz \u00e9s szennyv\u00edz \u00e1temel\u0151k g\u00e9p\u00e9szeti tervez\u00e9se<\/li>\n<\/ul>\n<p><strong>2014<\/strong><\/p>\n<ul>\n<li><strong>Csepeli er\u0151m\u0171 projekt: <\/strong>Szennyv\u00edz el\u0151tiszt\u00edt\u00f3 g\u00e9p\u00e9szeti tervez\u00e9se<\/li>\n<li><strong>Alcoa DB ioncser\u00e9s ZLD: <\/strong>Szennyv\u00edzkezel\u00e9s g\u00e9p\u00e9szeti tervez\u00e9se<\/li>\n<li><strong>Enying: <\/strong>szennyv\u00edztiszt\u00edt\u00f3 telep g\u00e9p\u00e9szeti tervez\u00e9se<\/li>\n<li><strong>ISD Dunaferr: <\/strong>Sz\u0171rletv\u00edz kezel\u00e9s \u00e1talak\u00edt\u00e1s g\u00e9p\u00e9szeti terv elk\u00e9sz\u00edt\u00e9se<\/li>\n<li><strong>Moh\u00e1cs V\u00e1g\u00f3h\u00edd: <\/strong>Szennyv\u00edztiszt\u00edt\u00f3 telep technol\u00f3giai g\u00e9p\u00e9szeti tervez\u00e9se<\/li>\n<\/ul>\n<p><strong>2013<\/strong><\/p>\n<ul>\n<li><strong>Kuka Robotics Hung\u00e1ria Kft: <\/strong>Szennyv\u00edz el\u0151tiszt\u00edt\u00f3 \u00e1talak\u00edt\u00e1s\u00e1nak g\u00e9p\u00e9szeti tervez\u00e9se<\/li>\n<li><strong>Hunyadfalva: <\/strong>V\u00e1kuumg\u00e9ph\u00e1z g\u00e9p\u00e9szeti tervez\u00e9se<\/li>\n<li><strong>Master-Good: <\/strong>Iszapkihord\u00f3 csiga g\u00e9p\u00e9szeti tervez\u00e9se<\/li>\n<li><strong>ISD Dunaferr: <\/strong>Cianidos v\u00edzkezel\u00e9s g\u00e9p\u00e9szeti tervez\u00e9se<\/li>\n<li><strong>Palota: <\/strong>Csurgal\u00e9kv\u00edz v\u00edzkezel\u00e9s g\u00e9p\u00e9szeti tervez\u00e9se<\/li>\n<li><strong>Paks: <\/strong>Szennyv\u00edztiszt\u00edt\u00f3 telep b\u0151v\u00edt\u00e9s\u00e9nek g\u00e9p\u00e9szeti tervez\u00e9se<\/li>\n<li><strong>630-as<\/strong> iszapv\u00edztelen\u00edt\u0151 pr\u00e9s g\u00e9p\u00e9szeti \u00e1talak\u00edt\u00e1s<\/li>\n<li><strong>Tiszateny\u0151: <\/strong>Szennyv\u00edztiszt\u00edt\u00f3 telep g\u00e9p\u00e9szeti tervez\u00e9se<\/li>\n<li><strong>Ferrecirk Vegyszergy\u00e1rt\u00f3 \u00e9s Kereskedelmi Kft: <\/strong>(PAC) oldat gy\u00e1rt\u00f3sor b\u0151v\u00edt\u00e9s\u00e9nek g\u00e9p\u00e9szeti tervez\u00e9se<\/li>\n<li><strong>Master-Good projekt: <\/strong>Megval\u00f3sul\u00e1si terv elk\u00e9sz\u00edt\u00e9se<\/li>\n<li><strong>GE Nagykanizsa projekt: <\/strong>Megval\u00f3sul\u00e1si terv elk\u00e9sz\u00edt\u00e9se<\/li>\n<li><strong>Procter and Gamble water recycling system: <\/strong>Ipari szennyv\u00edztiszt\u00edt\u00f3 g\u00e9p\u00e9szeti tervez\u00e9se<\/li>\n<\/ul>\n<p><strong>2012<\/strong><\/p>\n<ul>\n<li><strong>Alcoa-K\u00f6f\u00e9m: <\/strong>V\u00edzvisszaforgat\u00f3 rendszer \u00e1talak\u00edt\u00e1s\u00e9nak g\u00e9p\u00e9szeti tervez\u00e9se<\/li>\n<li><strong>Master-Good Kft: <\/strong>Szennyv\u00edztiszt\u00edt\u00f3 telep g\u00e9p\u00e9szeti tervez\u00e9se<\/li>\n<li><strong>GE-Hungary Kft: <\/strong>Nagykanizsai gy\u00e1r\u00e1nak szennyv\u00edz el\u0151kezel\u0151 rendszer \u00e1talak\u00edt\u00e1s\u00e1nak g\u00e9p\u00e9szeti tervez\u00e9se<\/li>\n<li><strong>IBIDEN Hungary Kft: <\/strong>Szennyv\u00edz el\u0151tiszt\u00edt\u00f3 b\u0151v\u00edt\u00e9s\u00e9nek g\u00e9p\u00e9szeti tervez\u00e9se<\/li>\n<\/ul>\n<p><strong>2011<\/strong><\/p>\n<ul>\n<li><strong>ISD Dunaferr: <\/strong>Cs\u0151kiv\u00e1lt\u00e1s g\u00e9p\u00e9szeti tervez\u00e9se<\/li>\n<li><strong>Dunastyr Polisztirolgy\u00e1rt\u00f3 Zrt.: <\/strong>Sz\u00e1zhalombattai telephely\u00e9n a szennyv\u00edz el\u0151kezel\u0151 rendszer b\u0151v\u00edt\u00e9s\u00e9nek g\u00e9p\u00e9szeti tervez\u00e9se<\/li>\n<\/ul>\n<p>&nbsp;<\/p>\n","protected":false},"excerpt":{"rendered":"<p>2016 APC Csabacast \u00fczem: szennyv\u00edztiszt\u00edt\u00f3 \u00e9s visszaforgat\u00f3 rendszer g\u00e9p\u00e9szeti tervez\u00e9se Pentacolor: Szennyv\u00edz el\u0151tiszt\u00edt\u00f3 g\u00e9p\u00e9szeti tervez\u00e9se Viziterv Alba Kft.: Csapad\u00e9kv\u00edz akna g\u00e9p\u00e9szeti tervez\u00e9se VVM Kft.: H\u0151cser\u00e9l\u0151 cs\u0151vezet\u00e9k tervez\u00e9s Messer Hungarog\u00e1z Kft.: H\u0171t\u0151tornyi v\u00edzsz\u0171r\u00e9s g\u00e9p\u00e9szeti tervez\u00e9se 2015 Aquaplus: Fe\/Mn\/As iszapv\u00edztelen\u00edt\u00e9s g\u00e9p\u00e9szeti tervez\u00e9se Alcoa Pol\u00edroz\u00f3 \u00fczem: szennyv\u00edztiszt\u00edt\u00f3 \u00e9s visszaforgat\u00f3 rendszer g\u00e9p\u00e9szeti tervez\u00e9se B\u00e9k\u00e9s Dr\u00e9n: V\u00edzm\u0171telepek kamr\u00e1s iszap v\u00edztelen\u00edt\u0151-, [&hellip;]<\/p>\n","protected":false},"author":1,"featured_media":0,"parent":0,"menu_order":0,"comment_status":"closed","ping_status":"closed","template":"","meta":{"footnotes":""},"class_list":["post-10","page","type-page","status-publish","hentry"],"_links":{"self":[{"href":"https:\/\/forgoterv.hu\/index.php\/wp-json\/wp\/v2\/pages\/10","targetHints":{"allow":["GET"]}}],"collection":[{"href":"https:\/\/forgoterv.hu\/index.php\/wp-json\/wp\/v2\/pages"}],"about":[{"href":"https:\/\/forgoterv.hu\/index.php\/wp-json\/wp\/v2\/types\/page"}],"author":[{"embeddable":true,"href":"https:\/\/forgoterv.hu\/index.php\/wp-json\/wp\/v2\/users\/1"}],"replies":[{"embeddable":true,"href":"https:\/\/forgoterv.hu\/index.php\/wp-json\/wp\/v2\/comments?post=10"}],"version-history":[{"count":7,"href":"https:\/\/forgoterv.hu\/index.php\/wp-json\/wp\/v2\/pages\/10\/revisions"}],"predecessor-version":[{"id":348,"href":"https:\/\/forgoterv.hu\/index.php\/wp-json\/wp\/v2\/pages\/10\/revisions\/348"}],"wp:attachment":[{"href":"https:\/\/forgoterv.hu\/index.php\/wp-json\/wp\/v2\/media?parent=10"}],"curies":[{"name":"wp","href":"https:\/\/api.w.org\/{rel}","templated":true}]}}