{"id":22,"date":"2016-12-13T09:18:43","date_gmt":"2016-12-13T09:18:43","guid":{"rendered":"http:\/\/forgoterv.hu\/index.php\/businessx-front-page\/"},"modified":"2026-02-25T09:12:28","modified_gmt":"2026-02-25T09:12:28","slug":"bemutatkozas","status":"publish","type":"page","link":"https:\/\/forgoterv.hu\/","title":{"rendered":"Bemutatkoz\u00e1s"},"content":{"rendered":"<div class=\"wp-block-image\">\n<figure class=\"alignleft is-resized\"><img loading=\"lazy\" decoding=\"async\" width=\"133\" height=\"150\" src=\"http:\/\/forgoterv.hu\/wp-content\/uploads\/2016\/12\/fa_resize-133x150.jpg\" alt=\"\" class=\"wp-image-174\" style=\"width:275px;height:auto\"\/><\/figure>\n<\/div>\n\n\n<p><strong>\u00dcdv\u00f6zl\u00f6m!<\/strong><br><\/p>\n\n\n\n<p>Forg\u00f3 \u00c1d\u00e1m vagyok. Egy\u00e9ni v\u00e1llalkoz\u00f3k\u00e9nt ipari \u00e9s kommun\u00e1lis szennyv\u00edztelepek g\u00e9p\u00e9szeti tervez\u00e9s\u00e9vel foglalkozom. 1996-ban \u00e9retts\u00e9giztem Szolnokon a Jendrassik Gy\u00f6rgy M\u0171szaki Szakk\u00f6z\u00e9piskol\u00e1ban, majd 2001-ben \u00e1llamvizsg\u00e1ztam Miskolci Egyetem G\u00e9p\u00e9szm\u00e9rn\u00f6ki Kar K\u00f6rnyezetv\u00e9delmi szakir\u00e1nyon. A diploma \u00e1tv\u00e9tel\u00e9t k\u00f6vet\u0151en a mai napig f\u0151\u00e1ll\u00e1sban g\u00e9p\u00e9sz tervez\u0151 m\u00e9rn\u00f6kk\u00e9nt dolgozom. V\u00e1llalkoz\u00e1somat &#8211; f\u0151\u00e1ll\u00e1som mellett &#8211; 2011-ben ind\u00edtottam. Terveimet a mai kor elv\u00e1r\u00e1sainak megfelel\u0151en, digit\u00e1lis CAD platformon k\u00e9sz\u00edtem.<\/p>\n\n\n\n<p><span style=\"font-family: Times New Roman,serif;\"><span style=\"font-size: medium;\"><\/span><\/span><\/p>\n\n\n<div class=\"wp-block-image\">\n<figure class=\"alignright is-resized\"><img loading=\"lazy\" decoding=\"async\" width=\"344\" height=\"193\" src=\"http:\/\/forgoterv.hu\/wp-content\/uploads\/2016\/12\/fa_family_resize.jpg\" alt=\"\" class=\"wp-image-173\" style=\"aspect-ratio:1.7777457454857073;width:372px;height:auto\" srcset=\"https:\/\/forgoterv.hu\/wp-content\/uploads\/2016\/12\/fa_family_resize.jpg 344w, https:\/\/forgoterv.hu\/wp-content\/uploads\/2016\/12\/fa_family_resize-300x168.jpg 300w\" sizes=\"auto, (max-width: 344px) 100vw, 344px\" \/><\/figure>\n<\/div>\n\n\n<div style=\"text-align: justify; font-size: 12pt; font-family: arial,helvetica,sans-serif;\">\n<p style=\"font-size: 12pt; font-family: arial,helvetica,sans-serif; line-height: 28px;\">Fontos sz\u00e1momra, hogy megrendel\u0151im ig\u00e9nye szerinti min\u0151s\u00e9gben, \u00e9s a szerz\u0151d\u00e9sben felt\u00fcntetett hat\u00e1rid\u0151re elk\u00e9sz\u00edtsem terveimet.\u00a0<span style=\"font-size: 12pt; font-family: arial,helvetica,sans-serif;\">Nagycsal\u00e1dos \u00e9desapak\u00e9nt nemcsak tud\u00e1somr\u00f3l, hanem megb\u00edzhat\u00f3s\u00e1gomr\u00f3l is biztos\u00edtom megrendel\u0151imet. <\/span><\/p>\n<p style=\"font-size: 12pt; font-family: arial,helvetica,sans-serif; line-height: 28px;\">K\u00f6sz\u00f6n\u00f6m, hogy megtisztelt azzal, hogy ell\u00e1togatott az oldalamra. Amennyiben munk\u00e1immal, referenci\u00e1immal \u00e9s partnereim sz\u00e9les sk\u00e1l\u00e1j\u00e1val felkeltettem \u00e9rdekl\u0151d\u00e9s\u00e9t, v\u00e1rom miel\u0151bbi megkeres\u00e9s\u00e9t.<\/p>\n<\/div>\n","protected":false},"excerpt":{"rendered":"<p>\u00dcdv\u00f6zl\u00f6m! Forg\u00f3 \u00c1d\u00e1m vagyok. Egy\u00e9ni v\u00e1llalkoz\u00f3k\u00e9nt ipari \u00e9s kommun\u00e1lis szennyv\u00edztelepek g\u00e9p\u00e9szeti tervez\u00e9s\u00e9vel foglalkozom. 1996-ban \u00e9retts\u00e9giztem Szolnokon a Jendrassik Gy\u00f6rgy M\u0171szaki Szakk\u00f6z\u00e9piskol\u00e1ban, majd 2001-ben \u00e1llamvizsg\u00e1ztam Miskolci Egyetem G\u00e9p\u00e9szm\u00e9rn\u00f6ki Kar K\u00f6rnyezetv\u00e9delmi szakir\u00e1nyon. A diploma \u00e1tv\u00e9tel\u00e9t k\u00f6vet\u0151en a mai napig f\u0151\u00e1ll\u00e1sban g\u00e9p\u00e9sz tervez\u0151 m\u00e9rn\u00f6kk\u00e9nt dolgozom. V\u00e1llalkoz\u00e1somat &#8211; f\u0151\u00e1ll\u00e1som mellett &#8211; 2011-ben ind\u00edtottam. Terveimet a mai kor elv\u00e1r\u00e1sainak megfelel\u0151en, [&hellip;]<\/p>\n","protected":false},"author":1,"featured_media":0,"parent":0,"menu_order":0,"comment_status":"closed","ping_status":"closed","template":"","meta":{"footnotes":""},"class_list":["post-22","page","type-page","status-publish","hentry"],"_links":{"self":[{"href":"https:\/\/forgoterv.hu\/index.php\/wp-json\/wp\/v2\/pages\/22","targetHints":{"allow":["GET"]}}],"collection":[{"href":"https:\/\/forgoterv.hu\/index.php\/wp-json\/wp\/v2\/pages"}],"about":[{"href":"https:\/\/forgoterv.hu\/index.php\/wp-json\/wp\/v2\/types\/page"}],"author":[{"embeddable":true,"href":"https:\/\/forgoterv.hu\/index.php\/wp-json\/wp\/v2\/users\/1"}],"replies":[{"embeddable":true,"href":"https:\/\/forgoterv.hu\/index.php\/wp-json\/wp\/v2\/comments?post=22"}],"version-history":[{"count":100,"href":"https:\/\/forgoterv.hu\/index.php\/wp-json\/wp\/v2\/pages\/22\/revisions"}],"predecessor-version":[{"id":365,"href":"https:\/\/forgoterv.hu\/index.php\/wp-json\/wp\/v2\/pages\/22\/revisions\/365"}],"wp:attachment":[{"href":"https:\/\/forgoterv.hu\/index.php\/wp-json\/wp\/v2\/media?parent=22"}],"curies":[{"name":"wp","href":"https:\/\/api.w.org\/{rel}","templated":true}]}}