{"id":79,"date":"2016-12-15T08:40:36","date_gmt":"2016-12-15T08:40:36","guid":{"rendered":"http:\/\/forgoterv.hu\/?page_id=79"},"modified":"2026-02-25T09:23:05","modified_gmt":"2026-02-25T09:23:05","slug":"kapcsolat","status":"publish","type":"page","link":"https:\/\/forgoterv.hu\/index.php\/kapcsolat\/","title":{"rendered":"Kapcsolat"},"content":{"rendered":"<div style=\"float: left;\"><b>Forg\u00f3 \u00c1d\u00e1m<\/b><br \/>\n<b>C\u00edm: 5435 Martf\u0171, R\u00f3zsa \u00fat 8.<\/b><br \/>\n<b>E-mail:\u00a0<a href=\"mailto:forgoterv@gmail.com\" target=\"_blank\" rel=\"noopener\">forgoterv@gmail.com<\/a><br \/>\nTelefon:\u00a0<a href=\"tel:+36%2020%20250%200659\" target=\"_blank\" rel=\"noopener\">+36-20-2500-659<\/a><br \/>\n<\/b><b>Ad\u00f3sz\u00e1m: 60934749-1-36<\/b><br \/>\n<strong>MMK 16\/0767 (G-SZ-T\u00a0&#8211; G\u00e9pek \u00e9s g\u00e9pszerkezetek tervez\u00e9se)<\/strong><\/div>\n<div style=\"float: right; width: 600px;\"><iframe loading=\"lazy\" style=\"border: 0;\" src=\"https:\/\/www.google.com\/maps\/embed?pb=!1m18!1m12!1m3!1d2720.222265537624!2d20.272591776621!3d47.01624202855769!2m3!1f0!2f0!3f0!3m2!1i1024!2i768!4f13.1!3m3!1m2!1s0x474150f89601702f%3A0x688d6381cee74f02!2zTWFydGbFsSwgUsOzenNhIMO6dCA4LCA1NDM1IE1hZ3lhcm9yc3rDoWc!5e0!3m2!1shu!2sus!4v1772010695167!5m2!1shu!2sus\" width=\"600\" height=\"450\" allowfullscreen=\"allowfullscreen\"><\/iframe><\/div>\n","protected":false},"excerpt":{"rendered":"<p>Forg\u00f3 \u00c1d\u00e1m C\u00edm: 5435 Martf\u0171, R\u00f3zsa \u00fat 8. E-mail:\u00a0forgoterv@gmail.com Telefon:\u00a0+36-20-2500-659 Ad\u00f3sz\u00e1m: 60934749-1-36 MMK 16\/0767 (G-SZ-T\u00a0&#8211; G\u00e9pek \u00e9s g\u00e9pszerkezetek tervez\u00e9se)<\/p>\n","protected":false},"author":1,"featured_media":0,"parent":0,"menu_order":0,"comment_status":"closed","ping_status":"closed","template":"","meta":{"footnotes":""},"class_list":["post-79","page","type-page","status-publish","hentry"],"_links":{"self":[{"href":"https:\/\/forgoterv.hu\/index.php\/wp-json\/wp\/v2\/pages\/79","targetHints":{"allow":["GET"]}}],"collection":[{"href":"https:\/\/forgoterv.hu\/index.php\/wp-json\/wp\/v2\/pages"}],"about":[{"href":"https:\/\/forgoterv.hu\/index.php\/wp-json\/wp\/v2\/types\/page"}],"author":[{"embeddable":true,"href":"https:\/\/forgoterv.hu\/index.php\/wp-json\/wp\/v2\/users\/1"}],"replies":[{"embeddable":true,"href":"https:\/\/forgoterv.hu\/index.php\/wp-json\/wp\/v2\/comments?post=79"}],"version-history":[{"count":43,"href":"https:\/\/forgoterv.hu\/index.php\/wp-json\/wp\/v2\/pages\/79\/revisions"}],"predecessor-version":[{"id":368,"href":"https:\/\/forgoterv.hu\/index.php\/wp-json\/wp\/v2\/pages\/79\/revisions\/368"}],"wp:attachment":[{"href":"https:\/\/forgoterv.hu\/index.php\/wp-json\/wp\/v2\/media?parent=79"}],"curies":[{"name":"wp","href":"https:\/\/api.w.org\/{rel}","templated":true}]}}